{"id":229,"date":"2023-08-04T09:32:02","date_gmt":"2023-08-04T12:32:02","guid":{"rendered":"https:\/\/trackprime.com.br\/loja\/?post_type=product&#038;p=229"},"modified":"2026-05-08T15:46:34","modified_gmt":"2026-05-08T18:46:34","slug":"chip-m2m-multioperadora","status":"publish","type":"product","link":"https:\/\/trackprime.com.br\/loja\/product\/chip-m2m-multioperadora\/","title":{"rendered":"Chip M2M Multioperadora  (Vivo, Claro e Tim)"},"content":{"rendered":"<p>-&gt; Seja bem vindo a Loja da Track Prime &#8211; Especialista em rastreamento! &lt;-<\/p>\n<p>Voc\u00ea j\u00e1 tem um rastreador e ainda n\u00e3o tem um Chip M2M Multioperadora com maior cobertura em todo territ\u00f3rio nacional?<br \/>\nEnt\u00e3o este \u00e9 o chip que precisa, conhe\u00e7a um pouco mais sobre o produto.<\/p>\n<p>&#8211; Chip M2M pr\u00f3prio para rastreador e bloqueador multioperadora (Vivo, Claro e Tim) Triplo Corte;<br \/>\n&#8211; Plano M2M pr\u00f3prio para deixar seu rastreador no ar o m\u00eas todo;<br \/>\n&#8211; Plataforma Profissional de Rastreio com Aplicativo;<br \/>\n&#8211; Rastreamento em tempo real de diversos objetos simultaneamente;<br \/>\n&#8211; Cercas Eletr\u00f4nicas;<br \/>\n&#8211; Hist\u00f3rico de Viagem;<br \/>\n&#8211; Alertas de velocidade;<br \/>\n&#8211; Controle de Rota;<br \/>\n&#8211; Tempo de viagem;<br \/>\n&#8211; Tempo de parada;<br \/>\n&#8211; Alertas de movimenta\u00e7\u00e3o;<br \/>\n&#8211; Bloqueio e Desbloqueio;<br \/>\n&#8211; Compat\u00edvel com praticamente todos os rastreadores\/bloqueadores do mercado.<\/p>\n<p>-&gt; CONHE\u00c7A NOSSOS PLANOS: &lt;-<br \/>\nPacote M2M 20 MB + Aplicativo + Plataforma de Rastreamento R$ 39,99 mensal<br \/>\nPacote M2M 50 MB + Aplicativo + Plataforma de Rastreamento R$ 49,99 mensal<\/p>\n<p>*Temos pacote anual com 15% de desconto, escolha este pacote no ato do registro.<\/p>\n<p>Importante:<br \/>\n1. Voc\u00ea est\u00e1 comprando o chip no valor de R$ 19,99 e ele j\u00e1 vai carregado com um dos planos selecionados validos por 30 dias da data do RECEBIMENTO.<\/p>\n<p>2.Este chip n\u00e3o precisa ser recarregado, no momento da compra o cliente deve optar por um dos planos acima e ir\u00e1 receber atrav\u00e9s de whats, sms e e-mail as renova\u00e7\u00f5es.<\/p>\n<p>3. Ap\u00f3s 30 dias da data de compra voc\u00ea receber\u00e1 um SMS e e-mail para realizar a renova\u00e7\u00e3o do pacote, caso n\u00e3o seja realizado o pagamento da renova\u00e7\u00e3o ap\u00f3s 7 dias do vencimento o chip ser\u00e1 desativado n\u00e3o sendo poss\u00edvel ativar novamente.<\/p>\n<p>4. Para qualquer um dos planos, realizamos toda configura\u00e7\u00e3o remotamente e suporte de forma gratuita.<\/p>\n<p>5. Atendemos pessoas fisicas e tamb\u00e9m empresas.<\/p>\n<p>6. Este Chip possui APN privada e n\u00e3o funciona em outra plataforma.<\/p>\n<p>&nbsp;<\/p>\n<p>Ao realizar a compra voc\u00ea concorda com todos os pontos aqui expostos.<\/p>\n","protected":false},"excerpt":{"rendered":"<p>-&gt; Seja bem vindo a Loja da Track Prime &#8211; Especialista em rastreamento! &lt;- Voc\u00ea j\u00e1 tem um rastreador e ainda n\u00e3o tem um Chip M2M Multioperadora com maior cobertura em todo territ\u00f3rio nacional? Ent\u00e3o este \u00e9 o chip que precisa, conhe\u00e7a um pouco mais sobre o produto. &#8211; Chip M2M pr\u00f3prio para rastreador e [&hellip;]<\/p>\n","protected":false},"featured_media":1006,"comment_status":"open","ping_status":"closed","template":"","meta":[],"product_cat":[19],"product_tag":[],"_links":{"self":[{"href":"https:\/\/trackprime.com.br\/loja\/wp-json\/wp\/v2\/product\/229"}],"collection":[{"href":"https:\/\/trackprime.com.br\/loja\/wp-json\/wp\/v2\/product"}],"about":[{"href":"https:\/\/trackprime.com.br\/loja\/wp-json\/wp\/v2\/types\/product"}],"replies":[{"embeddable":true,"href":"https:\/\/trackprime.com.br\/loja\/wp-json\/wp\/v2\/comments?post=229"}],"wp:featuredmedia":[{"embeddable":true,"href":"https:\/\/trackprime.com.br\/loja\/wp-json\/wp\/v2\/media\/1006"}],"wp:attachment":[{"href":"https:\/\/trackprime.com.br\/loja\/wp-json\/wp\/v2\/media?parent=229"}],"wp:term":[{"taxonomy":"product_cat","embeddable":true,"href":"https:\/\/trackprime.com.br\/loja\/wp-json\/wp\/v2\/product_cat?post=229"},{"taxonomy":"product_tag","embeddable":true,"href":"https:\/\/trackprime.com.br\/loja\/wp-json\/wp\/v2\/product_tag?post=229"}],"curies":[{"name":"wp","href":"https:\/\/api.w.org\/{rel}","templated":true}]}}